{"id":157,"date":"2025-02-16T04:56:41","date_gmt":"2025-02-16T04:56:41","guid":{"rendered":"https:\/\/sazonacatering.com\/?page_id=157"},"modified":"2025-10-22T17:25:58","modified_gmt":"2025-10-22T17:25:58","slug":"pide-tu-presupuesto","status":"publish","type":"page","link":"https:\/\/sazonacatering.com\/en\/pide-tu-presupuesto\/","title":{"rendered":"Pide tu Presupuesto"},"content":{"rendered":"\t\t<div data-elementor-type=\"wp-page\" data-elementor-id=\"157\" class=\"elementor elementor-157\" data-elementor-post-type=\"page\">\n\t\t\t\t\t\t<section class=\"elementor-section elementor-top-section elementor-element elementor-element-2b7cea2 elementor-section-boxed elementor-section-height-default elementor-section-height-default\" data-id=\"2b7cea2\" data-element_type=\"section\" data-e-type=\"section\" data-settings=\"{&quot;background_background&quot;:&quot;classic&quot;}\">\n\t\t\t\t\t\t<div class=\"elementor-container elementor-column-gap-default\">\n\t\t\t\t\t<div class=\"elementor-column elementor-col-100 elementor-top-column elementor-element elementor-element-62ed56e9\" data-id=\"62ed56e9\" data-element_type=\"column\" data-e-type=\"column\">\n\t\t\t<div class=\"elementor-widget-wrap elementor-element-populated\">\n\t\t\t\t\t\t<div class=\"elementor-element elementor-element-111a8844 elementor-widget elementor-widget-heading\" data-id=\"111a8844\" data-element_type=\"widget\" data-e-type=\"widget\" data-widget_type=\"heading.default\">\n\t\t\t\t<div class=\"elementor-widget-container\">\n\t\t\t\t\t<h1 class=\"elementor-heading-title elementor-size-default\">Pide tu presupuesto<\/h1>\t\t\t\t<\/div>\n\t\t\t\t<\/div>\n\t\t\t\t\t<\/div>\n\t\t<\/div>\n\t\t\t\t\t<\/div>\n\t\t<\/section>\n\t\t\t\t<section class=\"elementor-section elementor-top-section elementor-element elementor-element-5fb612a5 elementor-section-boxed elementor-section-height-default elementor-section-height-default\" data-id=\"5fb612a5\" data-element_type=\"section\" data-e-type=\"section\">\n\t\t\t\t\t\t<div class=\"elementor-container elementor-column-gap-default\">\n\t\t\t\t\t<div class=\"elementor-column elementor-col-100 elementor-top-column elementor-element elementor-element-651c1bb9\" data-id=\"651c1bb9\" data-element_type=\"column\" data-e-type=\"column\">\n\t\t\t<div class=\"elementor-widget-wrap elementor-element-populated\">\n\t\t\t\t\t\t<div class=\"elementor-element elementor-element-515b00e0 elementor-widget elementor-widget-heading\" data-id=\"515b00e0\" data-element_type=\"widget\" data-e-type=\"widget\" data-widget_type=\"heading.default\">\n\t\t\t\t<div class=\"elementor-widget-container\">\n\t\t\t\t\t<h2 class=\"elementor-heading-title elementor-size-default\">Pide tu presupuesto para celebrar tu evento con Sazona Catering Madrid<\/h2>\t\t\t\t<\/div>\n\t\t\t\t<\/div>\n\t\t\t\t<div class=\"elementor-element elementor-element-cc2cd50 elementor-widget-divider--view-line elementor-widget elementor-widget-divider\" data-id=\"cc2cd50\" data-element_type=\"widget\" data-e-type=\"widget\" data-widget_type=\"divider.default\">\n\t\t\t\t<div class=\"elementor-widget-container\">\n\t\t\t\t\t\t\t<div class=\"elementor-divider\">\n\t\t\t<span class=\"elementor-divider-separator\">\n\t\t\t\t\t\t<\/span>\n\t\t<\/div>\n\t\t\t\t\t\t<\/div>\n\t\t\t\t<\/div>\n\t\t\t\t<div class=\"elementor-element elementor-element-9839437 elementor-widget__width-initial elementor-button-align-stretch elementor-widget elementor-widget-form\" data-id=\"9839437\" data-element_type=\"widget\" data-e-type=\"widget\" data-settings=\"{&quot;step_next_label&quot;:&quot;Next&quot;,&quot;step_previous_label&quot;:&quot;Previous&quot;,&quot;button_width&quot;:&quot;100&quot;,&quot;step_type&quot;:&quot;number_text&quot;,&quot;step_icon_shape&quot;:&quot;circle&quot;}\" data-widget_type=\"form.default\">\n\t\t\t\t<div class=\"elementor-widget-container\">\n\t\t\t\t\t\t\t<form class=\"elementor-form\" method=\"post\" id=\"presupuesto\" name=\"New Form\" aria-label=\"New Form\">\n\t\t\t<input type=\"hidden\" name=\"post_id\" value=\"157\"\/>\n\t\t\t<input type=\"hidden\" name=\"form_id\" value=\"9839437\"\/>\n\t\t\t<input type=\"hidden\" name=\"referer_title\" value=\"Pide tu Presupuesto - Sazona Catering\" \/>\n\n\t\t\t\t\t\t\t<input type=\"hidden\" name=\"queried_id\" value=\"157\"\/>\n\t\t\t\n\t\t\t<div class=\"elementor-form-fields-wrapper elementor-labels-\">\n\t\t\t\t\t\t\t\t<div class=\"elementor-field-type-checkbox elementor-field-group elementor-column elementor-field-group-field_aff079a elementor-col-100\">\n\t\t\t\t\t\t\t\t\t\t\t\t<label for=\"form-field-field_aff079a\" class=\"elementor-field-label elementor-screen-only\">\n\t\t\t\t\t\t\t\tSeleccion\t\t\t\t\t\t\t<\/label>\n\t\t\t\t\t\t<div class=\"elementor-field-subgroup  elementor-subgroup-inline\"><span class=\"elementor-field-option\"><input type=\"checkbox\" value=\"\" id=\"form-field-field_aff079a-0\" name=\"form_fields[field_aff079a][]\"> <label for=\"form-field-field_aff079a-0\">Particular<\/label><\/span><span class=\"elementor-field-option\"><input type=\"checkbox\" value=\"\" id=\"form-field-field_aff079a-1\" name=\"form_fields[field_aff079a][]\"> <label for=\"form-field-field_aff079a-1\">Empresa<\/label><\/span><\/div>\t\t\t\t<\/div>\n\t\t\t\t\t\t\t\t<div class=\"elementor-field-type-text elementor-field-group elementor-column elementor-field-group-name elementor-col-100 elementor-field-required\">\n\t\t\t\t\t\t\t\t\t\t\t\t<label for=\"form-field-name\" class=\"elementor-field-label elementor-screen-only\">\n\t\t\t\t\t\t\t\tNombre\t\t\t\t\t\t\t<\/label>\n\t\t\t\t\t\t\t\t\t\t\t\t\t\t<input size=\"1\" type=\"text\" name=\"form_fields[name]\" id=\"form-field-name\" class=\"elementor-field elementor-size-sm  elementor-field-textual\" placeholder=\"Nombre y apellidos \/ Nombre de la Empresa\" required=\"required\">\n\t\t\t\t\t\t\t\t\t\t\t<\/div>\n\t\t\t\t\t\t\t\t<div class=\"elementor-field-type-email elementor-field-group elementor-column elementor-field-group-email elementor-col-50 elementor-field-required\">\n\t\t\t\t\t\t\t\t\t\t\t\t<label for=\"form-field-email\" class=\"elementor-field-label elementor-screen-only\">\n\t\t\t\t\t\t\t\tEmail\t\t\t\t\t\t\t<\/label>\n\t\t\t\t\t\t\t\t\t\t\t\t\t\t<input size=\"1\" type=\"email\" name=\"form_fields[email]\" id=\"form-field-email\" class=\"elementor-field elementor-size-sm  elementor-field-textual\" placeholder=\"Email\" required=\"required\">\n\t\t\t\t\t\t\t\t\t\t\t<\/div>\n\t\t\t\t\t\t\t\t<div class=\"elementor-field-type-tel elementor-field-group elementor-column elementor-field-group-field_87002f1 elementor-col-50 elementor-field-required\">\n\t\t\t\t\t\t\t\t\t\t\t\t<label for=\"form-field-field_87002f1\" class=\"elementor-field-label elementor-screen-only\">\n\t\t\t\t\t\t\t\tTel\u00e9fono\t\t\t\t\t\t\t<\/label>\n\t\t\t\t\t\t\t\t<input size=\"1\" type=\"tel\" name=\"form_fields[field_87002f1]\" id=\"form-field-field_87002f1\" class=\"elementor-field elementor-size-sm  elementor-field-textual\" placeholder=\"Tel\u00e9fono\" required=\"required\" pattern=\"[0-9()#&amp;+*-=.]+\" title=\"Only numbers and phone characters (#, -, *, etc) are accepted.\">\n\n\t\t\t\t\t\t<\/div>\n\t\t\t\t\t\t\t\t<div class=\"elementor-field-type-select elementor-field-group elementor-column elementor-field-group-field_f11be1a elementor-col-50\">\n\t\t\t\t\t\t\t\t\t\t\t\t<label for=\"form-field-field_f11be1a\" class=\"elementor-field-label elementor-screen-only\">\n\t\t\t\t\t\t\t\tServicio\t\t\t\t\t\t\t<\/label>\n\t\t\t\t\t\t\t\t<div class=\"elementor-field elementor-select-wrapper remove-before \">\n\t\t\t<div class=\"select-caret-down-wrapper\">\n\t\t\t\t<svg aria-hidden=\"true\" class=\"e-font-icon-svg e-eicon-caret-down\" viewBox=\"0 0 571.4 571.4\" xmlns=\"http:\/\/www.w3.org\/2000\/svg\"><path d=\"M571 393Q571 407 561 418L311 668Q300 679 286 679T261 668L11 418Q0 407 0 393T11 368 36 357H536Q550 357 561 368T571 393Z\"><\/path><\/svg>\t\t\t<\/div>\n\t\t\t<select name=\"form_fields[field_f11be1a]\" id=\"form-field-field_f11be1a\" class=\"elementor-field-textual elementor-size-sm\">\n\t\t\t\t\t\t\t\t\t<option value=\"Necesita el servicio de catering para...\">Necesita el servicio de catering para...<\/option>\n\t\t\t\t\t\t\t\t\t<option value=\"\">Boda<\/option>\n\t\t\t\t\t\t\t\t\t<option value=\"\">Evento de Empresa<\/option>\n\t\t\t\t\t\t\t\t\t<option value=\"\">Coffe Break<\/option>\n\t\t\t\t\t\t\t\t\t<option value=\"\">Brunch<\/option>\n\t\t\t\t\t\t\t\t\t<option value=\"\">C\u00f3ctel de Navidad para Empresas<\/option>\n\t\t\t\t\t\t\t\t\t<option value=\"\">Men\u00fa de Navidad para Empresas<\/option>\n\t\t\t\t\t\t\t\t\t<option value=\"\">Navidad en casa (Deliverys)<\/option>\n\t\t\t\t\t\t\t\t\t<option value=\"\">Congreso<\/option>\n\t\t\t\t\t\t\t\t\t<option value=\"\">Aperitivo pasado entre invitados<\/option>\n\t\t\t\t\t\t\t\t\t<option value=\"\">Catering a domicilio<\/option>\n\t\t\t\t\t\t\t\t\t<option value=\"\">Bautizo<\/option>\n\t\t\t\t\t\t\t\t\t<option value=\"\">Comuni\u00f3n<\/option>\n\t\t\t\t\t\t\t\t\t<option value=\"\">Cumplea\u00f1os \/ Aniversarios<\/option>\n\t\t\t\t\t\t\t\t\t<option value=\"\">Cena con amigos<\/option>\n\t\t\t\t\t\t\t\t\t<option value=\"\">Fiesta privada<\/option>\n\t\t\t\t\t\t\t\t\t<option value=\"\">Evento familiar<\/option>\n\t\t\t\t\t\t\t\t\t<option value=\"\">Tarta \/ Resposter\u00eda<\/option>\n\t\t\t\t\t\t\t\t\t<option value=\"\">Otro<\/option>\n\t\t\t\t\t\t\t<\/select>\n\t\t<\/div>\n\t\t\t\t\t\t<\/div>\n\t\t\t\t\t\t\t\t<div class=\"elementor-field-type-number elementor-field-group elementor-column elementor-field-group-field_1d76e6d elementor-col-50 elementor-field-required\">\n\t\t\t\t\t\t\t\t\t\t\t\t<label for=\"form-field-field_1d76e6d\" class=\"elementor-field-label elementor-screen-only\">\n\t\t\t\t\t\t\t\tNumero\t\t\t\t\t\t\t<\/label>\n\t\t\t\t\t\t\t\t\t<input type=\"number\" name=\"form_fields[field_1d76e6d]\" id=\"form-field-field_1d76e6d\" class=\"elementor-field elementor-size-sm  elementor-field-textual\" placeholder=\"\u00bfCu\u00e1l es el n\u00famero aproximado de asistentes?\" required=\"required\" min=\"\" max=\"\" >\n\t\t\t\t\t\t<\/div>\n\t\t\t\t\t\t\t\t<div class=\"elementor-field-type-text elementor-field-group elementor-column elementor-field-group-field_1acad3e elementor-col-50 elementor-field-required\">\n\t\t\t\t\t\t\t\t\t\t\t\t<label for=\"form-field-field_1acad3e\" class=\"elementor-field-label elementor-screen-only\">\n\t\t\t\t\t\t\t\tLugar\t\t\t\t\t\t\t<\/label>\n\t\t\t\t\t\t\t\t\t\t\t\t\t\t<input size=\"1\" type=\"text\" name=\"form_fields[field_1acad3e]\" id=\"form-field-field_1acad3e\" class=\"elementor-field elementor-size-sm  elementor-field-textual\" placeholder=\"\u00bfD\u00f3nde es el evento?\" required=\"required\">\n\t\t\t\t\t\t\t\t\t\t\t<\/div>\n\t\t\t\t\t\t\t\t<div class=\"elementor-field-type-date elementor-field-group elementor-column elementor-field-group-field_f0d8187 elementor-col-50 elementor-field-required\">\n\t\t\t\t\t\t\t\t\t\t\t\t<label for=\"form-field-field_f0d8187\" class=\"elementor-field-label elementor-screen-only\">\n\t\t\t\t\t\t\t\tFecha\t\t\t\t\t\t\t<\/label>\n\t\t\t\t\t\t\n\t\t<input type=\"date\" name=\"form_fields[field_f0d8187]\" id=\"form-field-field_f0d8187\" class=\"elementor-field elementor-size-sm  elementor-field-textual elementor-date-field\" placeholder=\"\u00bfCu\u00e1ndo quiere celebrar tu evento?\" required=\"required\" pattern=\"[0-9]{4}-[0-9]{2}-[0-9]{2}\">\n\t\t\t\t\t\t<\/div>\n\t\t\t\t\t\t\t\t<div class=\"elementor-field-type-textarea elementor-field-group elementor-column elementor-field-group-field_502f3ee elementor-col-100 elementor-field-required\">\n\t\t\t\t\t\t\t\t\t\t\t\t<label for=\"form-field-field_502f3ee\" class=\"elementor-field-label elementor-screen-only\">\n\t\t\t\t\t\t\t\tMensaje\t\t\t\t\t\t\t<\/label>\n\t\t\t\t\t\t<textarea class=\"elementor-field-textual elementor-field  elementor-size-sm\" name=\"form_fields[field_502f3ee]\" id=\"form-field-field_502f3ee\" rows=\"4\" placeholder=\"Mensaje\" required=\"required\"><\/textarea>\t\t\t\t<\/div>\n\t\t\t\t\t\t\t\t<div class=\"elementor-field-type-select elementor-field-group elementor-column elementor-field-group-field_7d14b7b elementor-col-100\">\n\t\t\t\t\t\t\t\t\t\t\t\t<label for=\"form-field-field_7d14b7b\" class=\"elementor-field-label elementor-screen-only\">\n\t\t\t\t\t\t\t\tSociales\t\t\t\t\t\t\t<\/label>\n\t\t\t\t\t\t\t\t<div class=\"elementor-field elementor-select-wrapper remove-before \">\n\t\t\t<div class=\"select-caret-down-wrapper\">\n\t\t\t\t<svg aria-hidden=\"true\" class=\"e-font-icon-svg e-eicon-caret-down\" viewBox=\"0 0 571.4 571.4\" xmlns=\"http:\/\/www.w3.org\/2000\/svg\"><path d=\"M571 393Q571 407 561 418L311 668Q300 679 286 679T261 668L11 418Q0 407 0 393T11 368 36 357H536Q550 357 561 368T571 393Z\"><\/path><\/svg>\t\t\t<\/div>\n\t\t\t<select name=\"form_fields[field_7d14b7b]\" id=\"form-field-field_7d14b7b\" class=\"elementor-field-textual elementor-size-sm\">\n\t\t\t\t\t\t\t\t\t<option value=\"\u00bfPodr\u00edas indicarnos c\u00f3mo nos has conocido?\">\u00bfPodr\u00edas indicarnos c\u00f3mo nos has conocido?<\/option>\n\t\t\t\t\t\t\t\t\t<option value=\"\">Recomendaci\u00f3n de otro cliente<\/option>\n\t\t\t\t\t\t\t\t\t<option value=\"\">He asistido como invitado a un evento de Sazona Catering ofrec\u00eda su servicio de catering<\/option>\n\t\t\t\t\t\t\t\t\t<option value=\"\">Bodas.net<\/option>\n\t\t\t\t\t\t\t\t\t<option value=\"\">Buscadores (Google, Bing, Yahoo, etc)<\/option>\n\t\t\t\t\t\t\t\t\t<option value=\"\">Facebook<\/option>\n\t\t\t\t\t\t\t\t\t<option value=\"\">Instagram<\/option>\n\t\t\t\t\t\t\t\t\t<option value=\"\">Pinterest<\/option>\n\t\t\t\t\t\t\t\t\t<option value=\"\">Publicaci\u00f3n en revista<\/option>\n\t\t\t\t\t\t\t\t\t<option value=\"\">Peri\u00f3dico<\/option>\n\t\t\t\t\t\t\t\t\t<option value=\"\">Blog<\/option>\n\t\t\t\t\t\t\t\t\t<option value=\"\">Partidos de F\u00fatbol<\/option>\n\t\t\t\t\t\t\t\t\t<option value=\"\">Ya os conoc\u00eda<\/option>\n\t\t\t\t\t\t\t\t\t<option value=\"\">Otros<\/option>\n\t\t\t\t\t\t\t<\/select>\n\t\t<\/div>\n\t\t\t\t\t\t<\/div>\n\t\t\t\t\t\t\t\t<div class=\"elementor-field-type-acceptance elementor-field-group elementor-column elementor-field-group-field_bb2ded2 elementor-col-100 elementor-field-required\">\n\t\t\t\t\t\t\t\t\t\t\t\t<label for=\"form-field-field_bb2ded2\" class=\"elementor-field-label elementor-screen-only\">\n\t\t\t\t\t\t\t\tCheckbox\t\t\t\t\t\t\t<\/label>\n\t\t\t\t\t\t\t\t<div class=\"elementor-field-subgroup\">\n\t\t\t<span class=\"elementor-field-option\">\n\t\t\t\t<input type=\"checkbox\" name=\"form_fields[field_bb2ded2]\" id=\"form-field-field_bb2ded2\" class=\"elementor-field elementor-size-sm  elementor-acceptance-field\" required=\"required\">\n\t\t\t\t<label for=\"form-field-field_bb2ded2\">He le\u00eddo y acepto la Pol\u00edtica de privacidad.<\/label>\t\t\t<\/span>\n\t\t<\/div>\n\t\t\t\t\t\t<\/div>\n\t\t\t\t\t\t\t\t<div class=\"elementor-field-type-recaptcha elementor-field-group elementor-column elementor-field-group-field_0090293 elementor-col-100\">\n\t\t\t\t\t<div class=\"elementor-field\" id=\"form-field-field_0090293\"><div class=\"elementor-g-recaptcha\" data-sitekey=\"6LcMUNkqAAAAAMyWDJzmk6fIXdatrl4hqu7tl2mg\" data-type=\"v2_checkbox\" data-theme=\"light\" data-size=\"normal\"><\/div><\/div>\t\t\t\t<\/div>\n\t\t\t\t\t\t\t\t<div class=\"elementor-field-group elementor-column elementor-field-type-submit elementor-col-100 e-form__buttons\">\n\t\t\t\t\t<button class=\"elementor-button elementor-size-sm elementor-animation-sink\" type=\"submit\">\n\t\t\t\t\t\t<span class=\"elementor-button-content-wrapper\">\n\t\t\t\t\t\t\t\t\t\t\t\t\t\t\t\t\t\t\t\t\t\t<span class=\"elementor-button-text\">SOLICITAR PRESUPUESTO<\/span>\n\t\t\t\t\t\t\t\t\t\t\t\t\t<\/span>\n\t\t\t\t\t<\/button>\n\t\t\t\t<\/div>\n\t\t\t<\/div>\n\t\t<\/form>\n\t\t\t\t\t\t<\/div>\n\t\t\t\t<\/div>\n\t\t\t\t\t<\/div>\n\t\t<\/div>\n\t\t\t\t\t<\/div>\n\t\t<\/section>\n\t\t<div class=\"elementor-element elementor-element-2a54ea7 e-flex e-con-boxed e-con e-parent\" data-id=\"2a54ea7\" data-element_type=\"container\" data-e-type=\"container\">\n\t\t\t\t\t<div class=\"e-con-inner\">\n\t\t\t\t<div class=\"elementor-element elementor-element-1cf5e6d elementor-widget elementor-widget-heading\" data-id=\"1cf5e6d\" data-element_type=\"widget\" data-e-type=\"widget\" data-widget_type=\"heading.default\">\n\t\t\t\t<div class=\"elementor-widget-container\">\n\t\t\t\t\t<div class=\"elementor-heading-title elementor-size-default\">INFORMACI\u00d3N B\u00c1SICA SOBRE PROTECCI\u00d3N DE DATOS<\/div>\t\t\t\t<\/div>\n\t\t\t\t<\/div>\n\t\t\t\t<div class=\"elementor-element elementor-element-37bcb15 elementor-widget elementor-widget-text-editor\" data-id=\"37bcb15\" data-element_type=\"widget\" data-e-type=\"widget\" data-widget_type=\"text-editor.default\">\n\t\t\t\t<div class=\"elementor-widget-container\">\n\t\t\t\t\t\t\t\t\t<ul><li><strong>Responsable:<\/strong> GARBONELO SL<\/li><li><strong>Finalidad:<\/strong> Atender solicitudes y consultas de los usuarios.<\/li><li><strong>Legitimaci\u00f3n:<\/strong> Consentimiento.<\/li><li><strong>Destinatarios:<\/strong> No se ceder\u00e1n a terceros.<\/li><li><strong>Derechos:<\/strong> Acceso, rectificaci\u00f3n o supresi\u00f3n, limitaci\u00f3n del tratamiento, oposici\u00f3n al tratamiento y portabilidad.<\/li><\/ul><p><strong>Informaci\u00f3n adicional:<\/strong> Puede consultar informaci\u00f3n adicional y detallada sobre Protecci\u00f3n de datos en nuestro\u00a0Aviso legal\u00a0y\u00a0Pol\u00edtica de Privacidad.<\/p>\t\t\t\t\t\t\t\t<\/div>\n\t\t\t\t<\/div>\n\t\t\t\t\t<\/div>\n\t\t\t\t<\/div>\n\t\t\t\t<\/div>\n\t\t","protected":false},"excerpt":{"rendered":"<p>Pide tu presupuesto Pide tu presupuesto para celebrar tu evento con Sazona Catering Madrid INFORMACI\u00d3N B\u00c1SICA SOBRE PROTECCI\u00d3N DE DATOS Responsable: GARBONELO SL Finalidad: Atender solicitudes y consultas de los usuarios. Legitimaci\u00f3n: Consentimiento. Destinatarios: No se ceder\u00e1n a terceros. Derechos: Acceso, rectificaci\u00f3n o supresi\u00f3n, limitaci\u00f3n del tratamiento, oposici\u00f3n al tratamiento y portabilidad. Informaci\u00f3n adicional: Puede [&hellip;]<\/p>\n","protected":false},"author":2,"featured_media":0,"parent":0,"menu_order":0,"comment_status":"closed","ping_status":"closed","template":"","meta":{"footnotes":""},"class_list":["post-157","page","type-page","status-publish","hentry"],"yoast_head":"<!-- This site is optimized with the Yoast SEO plugin v27.5 - https:\/\/yoast.com\/product\/yoast-seo-wordpress\/ -->\n<title>Pide tu Presupuesto - Sazona Catering<\/title>\n<meta name=\"robots\" content=\"index, follow, max-snippet:-1, max-image-preview:large, max-video-preview:-1\" \/>\n<link rel=\"canonical\" href=\"https:\/\/sazonacatering.com\/en\/pide-tu-presupuesto\/\" \/>\n<meta property=\"og:locale\" content=\"en_GB\" \/>\n<meta property=\"og:type\" content=\"article\" \/>\n<meta property=\"og:title\" content=\"Pide tu Presupuesto - Sazona Catering\" \/>\n<meta property=\"og:description\" content=\"Pide tu presupuesto Pide tu presupuesto para celebrar tu evento con Sazona Catering Madrid INFORMACI\u00d3N B\u00c1SICA SOBRE PROTECCI\u00d3N DE DATOS Responsable: GARBONELO SL Finalidad: Atender solicitudes y consultas de los usuarios. Legitimaci\u00f3n: Consentimiento. Destinatarios: No se ceder\u00e1n a terceros. Derechos: Acceso, rectificaci\u00f3n o supresi\u00f3n, limitaci\u00f3n del tratamiento, oposici\u00f3n al tratamiento y portabilidad. Informaci\u00f3n adicional: Puede [&hellip;]\" \/>\n<meta property=\"og:url\" content=\"https:\/\/sazonacatering.com\/en\/pide-tu-presupuesto\/\" \/>\n<meta property=\"og:site_name\" content=\"Sazona Catering\" \/>\n<meta property=\"article:publisher\" content=\"https:\/\/www.facebook.com\/sazonacatering\/\" \/>\n<meta property=\"article:modified_time\" content=\"2025-10-22T17:25:58+00:00\" \/>\n<meta name=\"twitter:card\" content=\"summary_large_image\" \/>\n<meta name=\"twitter:label1\" content=\"Estimated reading time\" \/>\n\t<meta name=\"twitter:data1\" content=\"1 minute\" \/>\n<script type=\"application\/ld+json\" class=\"yoast-schema-graph\">{\"@context\":\"https:\\\/\\\/schema.org\",\"@graph\":[{\"@type\":\"WebPage\",\"@id\":\"https:\\\/\\\/sazonacatering.com\\\/pide-tu-presupuesto\\\/\",\"url\":\"https:\\\/\\\/sazonacatering.com\\\/pide-tu-presupuesto\\\/\",\"name\":\"Pide tu Presupuesto - Sazona Catering\",\"isPartOf\":{\"@id\":\"https:\\\/\\\/sazonacatering.com\\\/#website\"},\"datePublished\":\"2025-02-16T04:56:41+00:00\",\"dateModified\":\"2025-10-22T17:25:58+00:00\",\"breadcrumb\":{\"@id\":\"https:\\\/\\\/sazonacatering.com\\\/pide-tu-presupuesto\\\/#breadcrumb\"},\"inLanguage\":\"en-GB\",\"potentialAction\":[{\"@type\":\"ReadAction\",\"target\":[\"https:\\\/\\\/sazonacatering.com\\\/pide-tu-presupuesto\\\/\"]}]},{\"@type\":\"BreadcrumbList\",\"@id\":\"https:\\\/\\\/sazonacatering.com\\\/pide-tu-presupuesto\\\/#breadcrumb\",\"itemListElement\":[{\"@type\":\"ListItem\",\"position\":1,\"name\":\"Portada\",\"item\":\"https:\\\/\\\/sazonacatering.com\\\/\"},{\"@type\":\"ListItem\",\"position\":2,\"name\":\"Pide tu Presupuesto\"}]},{\"@type\":\"WebSite\",\"@id\":\"https:\\\/\\\/sazonacatering.com\\\/#website\",\"url\":\"https:\\\/\\\/sazonacatering.com\\\/\",\"name\":\"Sazona Catering\",\"description\":\"Catering Madrid, Sazona Catering somos especialistas en Catering para bodas, catering para empresas, catering para particulares en M\u00e1laga y catering para eventos deportivos.\",\"publisher\":{\"@id\":\"https:\\\/\\\/sazonacatering.com\\\/#organization\"},\"potentialAction\":[{\"@type\":\"SearchAction\",\"target\":{\"@type\":\"EntryPoint\",\"urlTemplate\":\"https:\\\/\\\/sazonacatering.com\\\/?s={search_term_string}\"},\"query-input\":{\"@type\":\"PropertyValueSpecification\",\"valueRequired\":true,\"valueName\":\"search_term_string\"}}],\"inLanguage\":\"en-GB\"},{\"@type\":\"Organization\",\"@id\":\"https:\\\/\\\/sazonacatering.com\\\/#organization\",\"name\":\"Catering en Madrid: Sazona Catering\",\"url\":\"https:\\\/\\\/sazonacatering.com\\\/\",\"logo\":{\"@type\":\"ImageObject\",\"inLanguage\":\"en-GB\",\"@id\":\"https:\\\/\\\/sazonacatering.com\\\/#\\\/schema\\\/logo\\\/image\\\/\",\"url\":\"https:\\\/\\\/sazonacatering.com\\\/wp-content\\\/uploads\\\/2025\\\/02\\\/logohori-sazonacateringmadrid.png\",\"contentUrl\":\"https:\\\/\\\/sazonacatering.com\\\/wp-content\\\/uploads\\\/2025\\\/02\\\/logohori-sazonacateringmadrid.png\",\"width\":1610,\"height\":877,\"caption\":\"Catering en Madrid: Sazona Catering\"},\"image\":{\"@id\":\"https:\\\/\\\/sazonacatering.com\\\/#\\\/schema\\\/logo\\\/image\\\/\"},\"sameAs\":[\"https:\\\/\\\/www.facebook.com\\\/sazonacatering\\\/\",\"https:\\\/\\\/www.instagram.com\\\/sazonacatering\"]}]}<\/script>\n<!-- \/ Yoast SEO plugin. -->","yoast_head_json":{"title":"Pide tu Presupuesto - Sazona Catering","robots":{"index":"index","follow":"follow","max-snippet":"max-snippet:-1","max-image-preview":"max-image-preview:large","max-video-preview":"max-video-preview:-1"},"canonical":"https:\/\/sazonacatering.com\/en\/pide-tu-presupuesto\/","og_locale":"en_GB","og_type":"article","og_title":"Pide tu Presupuesto - Sazona Catering","og_description":"Pide tu presupuesto Pide tu presupuesto para celebrar tu evento con Sazona Catering Madrid INFORMACI\u00d3N B\u00c1SICA SOBRE PROTECCI\u00d3N DE DATOS Responsable: GARBONELO SL Finalidad: Atender solicitudes y consultas de los usuarios. Legitimaci\u00f3n: Consentimiento. Destinatarios: No se ceder\u00e1n a terceros. Derechos: Acceso, rectificaci\u00f3n o supresi\u00f3n, limitaci\u00f3n del tratamiento, oposici\u00f3n al tratamiento y portabilidad. Informaci\u00f3n adicional: Puede [&hellip;]","og_url":"https:\/\/sazonacatering.com\/en\/pide-tu-presupuesto\/","og_site_name":"Sazona Catering","article_publisher":"https:\/\/www.facebook.com\/sazonacatering\/","article_modified_time":"2025-10-22T17:25:58+00:00","twitter_card":"summary_large_image","twitter_misc":{"Estimated reading time":"1 minute"},"schema":{"@context":"https:\/\/schema.org","@graph":[{"@type":"WebPage","@id":"https:\/\/sazonacatering.com\/pide-tu-presupuesto\/","url":"https:\/\/sazonacatering.com\/pide-tu-presupuesto\/","name":"Pide tu Presupuesto - Sazona Catering","isPartOf":{"@id":"https:\/\/sazonacatering.com\/#website"},"datePublished":"2025-02-16T04:56:41+00:00","dateModified":"2025-10-22T17:25:58+00:00","breadcrumb":{"@id":"https:\/\/sazonacatering.com\/pide-tu-presupuesto\/#breadcrumb"},"inLanguage":"en-GB","potentialAction":[{"@type":"ReadAction","target":["https:\/\/sazonacatering.com\/pide-tu-presupuesto\/"]}]},{"@type":"BreadcrumbList","@id":"https:\/\/sazonacatering.com\/pide-tu-presupuesto\/#breadcrumb","itemListElement":[{"@type":"ListItem","position":1,"name":"Portada","item":"https:\/\/sazonacatering.com\/"},{"@type":"ListItem","position":2,"name":"Pide tu Presupuesto"}]},{"@type":"WebSite","@id":"https:\/\/sazonacatering.com\/#website","url":"https:\/\/sazonacatering.com\/","name":"Sazona Catering","description":"Catering Madrid, Sazona Catering somos especialistas en Catering para bodas, catering para empresas, catering para particulares en M\u00e1laga y catering para eventos deportivos.","publisher":{"@id":"https:\/\/sazonacatering.com\/#organization"},"potentialAction":[{"@type":"SearchAction","target":{"@type":"EntryPoint","urlTemplate":"https:\/\/sazonacatering.com\/?s={search_term_string}"},"query-input":{"@type":"PropertyValueSpecification","valueRequired":true,"valueName":"search_term_string"}}],"inLanguage":"en-GB"},{"@type":"Organization","@id":"https:\/\/sazonacatering.com\/#organization","name":"Catering en Madrid: Sazona Catering","url":"https:\/\/sazonacatering.com\/","logo":{"@type":"ImageObject","inLanguage":"en-GB","@id":"https:\/\/sazonacatering.com\/#\/schema\/logo\/image\/","url":"https:\/\/sazonacatering.com\/wp-content\/uploads\/2025\/02\/logohori-sazonacateringmadrid.png","contentUrl":"https:\/\/sazonacatering.com\/wp-content\/uploads\/2025\/02\/logohori-sazonacateringmadrid.png","width":1610,"height":877,"caption":"Catering en Madrid: Sazona Catering"},"image":{"@id":"https:\/\/sazonacatering.com\/#\/schema\/logo\/image\/"},"sameAs":["https:\/\/www.facebook.com\/sazonacatering\/","https:\/\/www.instagram.com\/sazonacatering"]}]}},"_links":{"self":[{"href":"https:\/\/sazonacatering.com\/en\/wp-json\/wp\/v2\/pages\/157","targetHints":{"allow":["GET"]}}],"collection":[{"href":"https:\/\/sazonacatering.com\/en\/wp-json\/wp\/v2\/pages"}],"about":[{"href":"https:\/\/sazonacatering.com\/en\/wp-json\/wp\/v2\/types\/page"}],"author":[{"embeddable":true,"href":"https:\/\/sazonacatering.com\/en\/wp-json\/wp\/v2\/users\/2"}],"replies":[{"embeddable":true,"href":"https:\/\/sazonacatering.com\/en\/wp-json\/wp\/v2\/comments?post=157"}],"version-history":[{"count":5,"href":"https:\/\/sazonacatering.com\/en\/wp-json\/wp\/v2\/pages\/157\/revisions"}],"predecessor-version":[{"id":524,"href":"https:\/\/sazonacatering.com\/en\/wp-json\/wp\/v2\/pages\/157\/revisions\/524"}],"wp:attachment":[{"href":"https:\/\/sazonacatering.com\/en\/wp-json\/wp\/v2\/media?parent=157"}],"curies":[{"name":"wp","href":"https:\/\/api.w.org\/{rel}","templated":true}]}}